{"id":19,"date":"2025-10-11T10:19:28","date_gmt":"2025-10-11T10:19:28","guid":{"rendered":"https:\/\/botanikopark.pt\/?page_id=19"},"modified":"2026-02-05T11:11:20","modified_gmt":"2026-02-05T11:11:20","slug":"ementa-botaniko-park","status":"publish","type":"page","link":"https:\/\/botanikopark.pt\/","title":{"rendered":"EMENTA &#8211; BOT\u00c2NIKO PARK"},"content":{"rendered":"\t\t<div data-elementor-type=\"wp-page\" data-elementor-id=\"19\" class=\"elementor elementor-19\">\n\t\t\t\t<div class=\"elementor-element elementor-element-69af0ee e-flex e-con-boxed e-con e-parent\" data-id=\"69af0ee\" data-element_type=\"container\" data-e-type=\"container\" data-settings=\"{&quot;background_background&quot;:&quot;classic&quot;}\">\n\t\t\t\t\t<div class=\"e-con-inner\">\n\t\t\t\t<div class=\"elementor-element elementor-element-f33bd81 elementor-widget elementor-widget-spacer\" data-id=\"f33bd81\" data-element_type=\"widget\" data-e-type=\"widget\" data-widget_type=\"spacer.default\">\n\t\t\t\t\t\t\t<div class=\"elementor-spacer\">\n\t\t\t<div class=\"elementor-spacer-inner\"><\/div>\n\t\t<\/div>\n\t\t\t\t\t\t<\/div>\n\t\t\t\t<div class=\"elementor-element elementor-element-478cf15 elementor-widget elementor-widget-text-editor\" data-id=\"478cf15\" data-element_type=\"widget\" data-e-type=\"widget\" data-widget_type=\"text-editor.default\">\n\t\t\t\t\t\t\t\t\t<p>Coffe and Brunch &amp; Cocktails<\/p>\t\t\t\t\t\t\t\t<\/div>\n\t\t\t\t<div class=\"elementor-element elementor-element-780c502 elementor-widget elementor-widget-image\" data-id=\"780c502\" data-element_type=\"widget\" data-e-type=\"widget\" data-widget_type=\"image.default\">\n\t\t\t\t\t\t\t\t\t\t\t\t\t\t\t<img fetchpriority=\"high\" decoding=\"async\" width=\"800\" height=\"450\" src=\"https:\/\/botanikopark.pt\/wp-content\/uploads\/2025\/10\/LOGO-BOTANIKO-1024x576.png\" class=\"attachment-large size-large wp-image-26\" alt=\"\" srcset=\"https:\/\/botanikopark.pt\/wp-content\/uploads\/2025\/10\/LOGO-BOTANIKO-1024x576.png 1024w, https:\/\/botanikopark.pt\/wp-content\/uploads\/2025\/10\/LOGO-BOTANIKO-300x169.png 300w, https:\/\/botanikopark.pt\/wp-content\/uploads\/2025\/10\/LOGO-BOTANIKO-768x432.png 768w, https:\/\/botanikopark.pt\/wp-content\/uploads\/2025\/10\/LOGO-BOTANIKO-1536x864.png 1536w, https:\/\/botanikopark.pt\/wp-content\/uploads\/2025\/10\/LOGO-BOTANIKO-2048x1151.png 2048w\" sizes=\"(max-width: 800px) 100vw, 800px\" \/>\t\t\t\t\t\t\t\t\t\t\t\t\t\t\t<\/div>\n\t\t\t\t<div class=\"elementor-element elementor-element-8a196cd elementor-widget elementor-widget-heading\" data-id=\"8a196cd\" data-element_type=\"widget\" data-e-type=\"widget\" data-widget_type=\"heading.default\">\n\t\t\t\t\t<h2 class=\"elementor-heading-title elementor-size-default\">VEJA A NOSSA CARTA<\/h2>\t\t\t\t<\/div>\n\t\t\t\t<div class=\"elementor-element elementor-element-97e24a9 elementor-align-center elementor-mobile-align-center elementor-widget elementor-widget-button\" data-id=\"97e24a9\" data-element_type=\"widget\" data-e-type=\"widget\" data-widget_type=\"button.default\">\n\t\t\t\t\t\t\t\t\t\t<a class=\"elementor-button elementor-button-link elementor-size-sm\" href=\"https:\/\/botanikopark.pt\/wp-content\/uploads\/2026\/02\/ementa-botaniko2026-.pdf\">\n\t\t\t\t\t\t<span class=\"elementor-button-content-wrapper\">\n\t\t\t\t\t\t\t\t\t<span class=\"elementor-button-text\">CLIQUE AQUI<\/span>\n\t\t\t\t\t<\/span>\n\t\t\t\t\t<\/a>\n\t\t\t\t\t\t\t\t<\/div>\n\t\t\t\t<div class=\"elementor-element elementor-element-020be5a elementor-widget elementor-widget-spacer\" data-id=\"020be5a\" data-element_type=\"widget\" data-e-type=\"widget\" data-widget_type=\"spacer.default\">\n\t\t\t\t\t\t\t<div class=\"elementor-spacer\">\n\t\t\t<div class=\"elementor-spacer-inner\"><\/div>\n\t\t<\/div>\n\t\t\t\t\t\t<\/div>\n\t\t<div class=\"elementor-element elementor-element-a413776 e-grid e-con-full e-con e-child\" data-id=\"a413776\" data-element_type=\"container\" data-e-type=\"container\">\n\t\t\t\t<div class=\"elementor-element elementor-element-c6ad98f elementor-widget elementor-widget-text-editor\" data-id=\"c6ad98f\" data-element_type=\"widget\" data-e-type=\"widget\" data-widget_type=\"text-editor.default\">\n\t\t\t\t\t\t\t\t\t<p><strong>SEGUNDA | QUARTA | QUINTA | DOMINGO\u00a0<\/strong><\/p><p>08H30 \u00c0S 22HOO<\/p><p><strong>SEXTA &amp; S\u00c1BADO<\/strong><\/p><p>08H30 \u00c0S 23H00<\/p>\t\t\t\t\t\t\t\t<\/div>\n\t\t\t\t<div class=\"elementor-element elementor-element-bbf29f3 elementor-widget elementor-widget-text-editor\" data-id=\"bbf29f3\" data-element_type=\"widget\" data-e-type=\"widget\" data-widget_type=\"text-editor.default\">\n\t\t\t\t\t\t\t\t\t<p><strong>PIZZA DISPON\u00cdVEL<\/strong><\/p><p>19H00 \u00c0S 22H00<\/p>\t\t\t\t\t\t\t\t<\/div>\n\t\t\t\t<div class=\"elementor-element elementor-element-dcf7755 elementor-widget elementor-widget-text-editor\" data-id=\"dcf7755\" data-element_type=\"widget\" data-e-type=\"widget\" data-widget_type=\"text-editor.default\">\n\t\t\t\t\t\t\t\t\t<p><strong>SERVI\u00c7O DE ALMO\u00c7O<\/strong><\/p><p>12H00 \u00c0S 14H30<\/p><p><strong>SERVI\u00c7O DE JANTAR<\/strong><\/p><p>19H00 \u00c0S 22H00<\/p>\t\t\t\t\t\t\t\t<\/div>\n\t\t\t\t<\/div>\n\t\t\t\t<div class=\"elementor-element elementor-element-f46ba3d elementor-widget elementor-widget-heading\" data-id=\"f46ba3d\" data-element_type=\"widget\" data-e-type=\"widget\" data-widget_type=\"heading.default\">\n\t\t\t\t\t<h2 class=\"elementor-heading-title elementor-size-default\">RESERVE A SUA MESA <\/h2>\t\t\t\t<\/div>\n\t\t\t\t<div class=\"elementor-element elementor-element-fafb629 elementor-align-center elementor-mobile-align-center elementor-widget elementor-widget-button\" data-id=\"fafb629\" data-element_type=\"widget\" data-e-type=\"widget\" data-widget_type=\"button.default\">\n\t\t\t\t\t\t\t\t\t\t<a class=\"elementor-button elementor-button-link elementor-size-sm\" href=\"tel:+351965871768\">\n\t\t\t\t\t\t<span class=\"elementor-button-content-wrapper\">\n\t\t\t\t\t\t\t\t\t<span class=\"elementor-button-text\">FAZER RESERVA<\/span>\n\t\t\t\t\t<\/span>\n\t\t\t\t\t<\/a>\n\t\t\t\t\t\t\t\t<\/div>\n\t\t\t\t<div class=\"elementor-element elementor-element-26d4c4e elementor-widget elementor-widget-spacer\" data-id=\"26d4c4e\" data-element_type=\"widget\" data-e-type=\"widget\" data-widget_type=\"spacer.default\">\n\t\t\t\t\t\t\t<div class=\"elementor-spacer\">\n\t\t\t<div class=\"elementor-spacer-inner\"><\/div>\n\t\t<\/div>\n\t\t\t\t\t\t<\/div>\n\t\t\t\t<div class=\"elementor-element elementor-element-2103f31 e-grid-align-mobile-center elementor-shape-rounded elementor-grid-0 e-grid-align-center elementor-widget elementor-widget-social-icons\" data-id=\"2103f31\" data-element_type=\"widget\" data-e-type=\"widget\" data-widget_type=\"social-icons.default\">\n\t\t\t\t\t\t\t<div class=\"elementor-social-icons-wrapper elementor-grid\" role=\"list\">\n\t\t\t\t\t\t\t<span class=\"elementor-grid-item\" role=\"listitem\">\n\t\t\t\t\t<a class=\"elementor-icon elementor-social-icon elementor-social-icon-instagram elementor-repeater-item-030e888\" href=\"https:\/\/www.instagram.com\/botanikopark\/\" target=\"_blank\">\n\t\t\t\t\t\t<span class=\"elementor-screen-only\">Instagram<\/span>\n\t\t\t\t\t\t<svg aria-hidden=\"true\" class=\"e-font-icon-svg e-fab-instagram\" viewBox=\"0 0 448 512\" xmlns=\"http:\/\/www.w3.org\/2000\/svg\"><path d=\"M224.1 141c-63.6 0-114.9 51.3-114.9 114.9s51.3 114.9 114.9 114.9S339 319.5 339 255.9 287.7 141 224.1 141zm0 189.6c-41.1 0-74.7-33.5-74.7-74.7s33.5-74.7 74.7-74.7 74.7 33.5 74.7 74.7-33.6 74.7-74.7 74.7zm146.4-194.3c0 14.9-12 26.8-26.8 26.8-14.9 0-26.8-12-26.8-26.8s12-26.8 26.8-26.8 26.8 12 26.8 26.8zm76.1 27.2c-1.7-35.9-9.9-67.7-36.2-93.9-26.2-26.2-58-34.4-93.9-36.2-37-2.1-147.9-2.1-184.9 0-35.8 1.7-67.6 9.9-93.9 36.1s-34.4 58-36.2 93.9c-2.1 37-2.1 147.9 0 184.9 1.7 35.9 9.9 67.7 36.2 93.9s58 34.4 93.9 36.2c37 2.1 147.9 2.1 184.9 0 35.9-1.7 67.7-9.9 93.9-36.2 26.2-26.2 34.4-58 36.2-93.9 2.1-37 2.1-147.8 0-184.8zM398.8 388c-7.8 19.6-22.9 34.7-42.6 42.6-29.5 11.7-99.5 9-132.1 9s-102.7 2.6-132.1-9c-19.6-7.8-34.7-22.9-42.6-42.6-11.7-29.5-9-99.5-9-132.1s-2.6-102.7 9-132.1c7.8-19.6 22.9-34.7 42.6-42.6 29.5-11.7 99.5-9 132.1-9s102.7-2.6 132.1 9c19.6 7.8 34.7 22.9 42.6 42.6 11.7 29.5 9 99.5 9 132.1s2.7 102.7-9 132.1z\"><\/path><\/svg>\t\t\t\t\t<\/a>\n\t\t\t\t<\/span>\n\t\t\t\t\t\t\t<span class=\"elementor-grid-item\" role=\"listitem\">\n\t\t\t\t\t<a class=\"elementor-icon elementor-social-icon elementor-social-icon-facebook elementor-repeater-item-3e93d0a\" href=\"https:\/\/www.facebook.com\/botanikopark2023\" target=\"_blank\">\n\t\t\t\t\t\t<span class=\"elementor-screen-only\">Facebook<\/span>\n\t\t\t\t\t\t<svg aria-hidden=\"true\" class=\"e-font-icon-svg e-fab-facebook\" viewBox=\"0 0 512 512\" xmlns=\"http:\/\/www.w3.org\/2000\/svg\"><path d=\"M504 256C504 119 393 8 256 8S8 119 8 256c0 123.78 90.69 226.38 209.25 245V327.69h-63V256h63v-54.64c0-62.15 37-96.48 93.67-96.48 27.14 0 55.52 4.84 55.52 4.84v61h-31.28c-30.8 0-40.41 19.12-40.41 38.73V256h68.78l-11 71.69h-57.78V501C413.31 482.38 504 379.78 504 256z\"><\/path><\/svg>\t\t\t\t\t<\/a>\n\t\t\t\t<\/span>\n\t\t\t\t\t\t\t<span class=\"elementor-grid-item\" role=\"listitem\">\n\t\t\t\t\t<a class=\"elementor-icon elementor-social-icon elementor-social-icon-tiktok elementor-repeater-item-a306704\" href=\"https:\/\/www.tiktok.com\/@botanikopark\" target=\"_blank\">\n\t\t\t\t\t\t<span class=\"elementor-screen-only\">Tiktok<\/span>\n\t\t\t\t\t\t<svg aria-hidden=\"true\" class=\"e-font-icon-svg e-fab-tiktok\" viewBox=\"0 0 448 512\" xmlns=\"http:\/\/www.w3.org\/2000\/svg\"><path d=\"M448,209.91a210.06,210.06,0,0,1-122.77-39.25V349.38A162.55,162.55,0,1,1,185,188.31V278.2a74.62,74.62,0,1,0,52.23,71.18V0l88,0a121.18,121.18,0,0,0,1.86,22.17h0A122.18,122.18,0,0,0,381,102.39a121.43,121.43,0,0,0,67,20.14Z\"><\/path><\/svg>\t\t\t\t\t<\/a>\n\t\t\t\t<\/span>\n\t\t\t\t\t<\/div>\n\t\t\t\t\t\t<\/div>\n\t\t\t\t<div class=\"elementor-element elementor-element-761b0ff elementor-widget elementor-widget-spacer\" data-id=\"761b0ff\" data-element_type=\"widget\" data-e-type=\"widget\" data-widget_type=\"spacer.default\">\n\t\t\t\t\t\t\t<div class=\"elementor-spacer\">\n\t\t\t<div class=\"elementor-spacer-inner\"><\/div>\n\t\t<\/div>\n\t\t\t\t\t\t<\/div>\n\t\t\t\t<div class=\"elementor-element elementor-element-f36072e elementor-widget elementor-widget-google_maps\" data-id=\"f36072e\" data-element_type=\"widget\" data-e-type=\"widget\" data-widget_type=\"google_maps.default\">\n\t\t\t\t\t\t\t<div class=\"elementor-custom-embed\">\n\t\t\t<iframe loading=\"lazy\"\n\t\t\t\t\tsrc=\"https:\/\/maps.google.com\/maps?q=Parque%20Verde%20De%20Meixomil%2C%20Avenida%20Amadeu%20Ferreira%2C%204595-263%20Meixomil%2C%20Portugal&#038;t=m&#038;z=10&#038;output=embed&#038;iwloc=near\"\n\t\t\t\t\ttitle=\"Parque Verde De Meixomil, Avenida Amadeu Ferreira, 4595-263 Meixomil, Portugal\"\n\t\t\t\t\taria-label=\"Parque Verde De Meixomil, Avenida Amadeu Ferreira, 4595-263 Meixomil, Portugal\"\n\t\t\t><\/iframe>\n\t\t<\/div>\n\t\t\t\t\t\t<\/div>\n\t\t\t\t<div class=\"elementor-element elementor-element-f65155d elementor-widget elementor-widget-image\" data-id=\"f65155d\" data-element_type=\"widget\" data-e-type=\"widget\" data-widget_type=\"image.default\">\n\t\t\t\t\t\t\t\t\t\t\t\t\t\t\t<img decoding=\"async\" width=\"300\" height=\"51\" src=\"https:\/\/botanikopark.pt\/wp-content\/uploads\/2024\/08\/botaniko-photoss.pdf-1-e1723486766125-300x51.png\" class=\"attachment-medium size-medium wp-image-10\" alt=\"\" srcset=\"https:\/\/botanikopark.pt\/wp-content\/uploads\/2024\/08\/botaniko-photoss.pdf-1-e1723486766125-300x51.png 300w, https:\/\/botanikopark.pt\/wp-content\/uploads\/2024\/08\/botaniko-photoss.pdf-1-e1723486766125-1024x174.png 1024w, https:\/\/botanikopark.pt\/wp-content\/uploads\/2024\/08\/botaniko-photoss.pdf-1-e1723486766125-768x130.png 768w, https:\/\/botanikopark.pt\/wp-content\/uploads\/2024\/08\/botaniko-photoss.pdf-1-e1723486766125-1536x261.png 1536w, https:\/\/botanikopark.pt\/wp-content\/uploads\/2024\/08\/botaniko-photoss.pdf-1-e1723486766125-2048x348.png 2048w\" sizes=\"(max-width: 300px) 100vw, 300px\" \/>\t\t\t\t\t\t\t\t\t\t\t\t\t\t\t<\/div>\n\t\t\t\t<div class=\"elementor-element elementor-element-4b812cc elementor-widget elementor-widget-text-editor\" data-id=\"4b812cc\" data-element_type=\"widget\" data-e-type=\"widget\" data-widget_type=\"text-editor.default\">\n\t\t\t\t\t\t\t\t\t<p><a href=\"https:\/\/dez8ito.pt\/\">Desenvolvido por Dez8ito \u2013 Creative Studio<\/a><\/p>\t\t\t\t\t\t\t\t<\/div>\n\t\t\t\t\t<\/div>\n\t\t\t\t<\/div>\n\t\t\t\t<\/div>\n\t\t","protected":false},"excerpt":{"rendered":"<p>Coffe and Brunch &amp; Cocktails VEJA A NOSSA CARTA CLIQUE AQUI SEGUNDA | QUARTA | QUINTA | DOMINGO\u00a0 08H30 \u00c0S 22HOO SEXTA &amp; S\u00c1BADO 08H30 \u00c0S 23H00 PIZZA DISPON\u00cdVEL 19H00 \u00c0S 22H00 SERVI\u00c7O DE ALMO\u00c7O 12H00 \u00c0S 14H30 SERVI\u00c7O DE JANTAR 19H00 \u00c0S 22H00 RESERVE A SUA MESA FAZER RESERVA Instagram Facebook Tiktok Desenvolvido por [&hellip;]<\/p>\n","protected":false},"author":1,"featured_media":0,"parent":0,"menu_order":0,"comment_status":"closed","ping_status":"closed","template":"elementor_canvas","meta":{"footnotes":""},"class_list":["post-19","page","type-page","status-publish","hentry"],"_links":{"self":[{"href":"https:\/\/botanikopark.pt\/index.php\/wp-json\/wp\/v2\/pages\/19","targetHints":{"allow":["GET"]}}],"collection":[{"href":"https:\/\/botanikopark.pt\/index.php\/wp-json\/wp\/v2\/pages"}],"about":[{"href":"https:\/\/botanikopark.pt\/index.php\/wp-json\/wp\/v2\/types\/page"}],"author":[{"embeddable":true,"href":"https:\/\/botanikopark.pt\/index.php\/wp-json\/wp\/v2\/users\/1"}],"replies":[{"embeddable":true,"href":"https:\/\/botanikopark.pt\/index.php\/wp-json\/wp\/v2\/comments?post=19"}],"version-history":[{"count":25,"href":"https:\/\/botanikopark.pt\/index.php\/wp-json\/wp\/v2\/pages\/19\/revisions"}],"predecessor-version":[{"id":51,"href":"https:\/\/botanikopark.pt\/index.php\/wp-json\/wp\/v2\/pages\/19\/revisions\/51"}],"wp:attachment":[{"href":"https:\/\/botanikopark.pt\/index.php\/wp-json\/wp\/v2\/media?parent=19"}],"curies":[{"name":"wp","href":"https:\/\/api.w.org\/{rel}","templated":true}]}}